{"id":4344,"date":"2020-10-02T14:21:35","date_gmt":"2020-10-02T14:21:35","guid":{"rendered":"https:\/\/reina.qodeinteractive.com\/?page_id=4344"},"modified":"2026-04-20T15:23:24","modified_gmt":"2026-04-20T15:23:24","slug":"aulas","status":"publish","type":"page","link":"https:\/\/shrutisangha.com\/pt-pt\/aulas\/","title":{"rendered":"Aulas"},"content":{"rendered":"\t\t<div data-elementor-type=\"wp-page\" data-elementor-id=\"4344\" class=\"elementor elementor-4344\">\n\t\t\t\t\t\t<section class=\"elementor-section elementor-top-section elementor-element elementor-element-67fec89 qodef-elementor-content-grid elementor-section-boxed elementor-section-height-default elementor-section-height-default\" data-id=\"67fec89\" data-element_type=\"section\" data-e-type=\"section\">\n\t\t\t\t\t\t<div class=\"elementor-container elementor-column-gap-default\">\n\t\t\t\t\t<div class=\"elementor-column elementor-col-100 elementor-top-column elementor-element elementor-element-dbc3d0f\" data-id=\"dbc3d0f\" data-element_type=\"column\" data-e-type=\"column\">\n\t\t\t<div class=\"elementor-widget-wrap elementor-element-populated\">\n\t\t\t\t\t\t<div class=\"elementor-element elementor-element-2518373 elementor-widget elementor-widget-reina_core_section_title\" data-id=\"2518373\" data-element_type=\"widget\" data-e-type=\"widget\" data-widget_type=\"reina_core_section_title.default\">\n\t\t\t\t<div class=\"elementor-widget-container\">\n\t\t\t\t\t<div class=\"qodef-shortcode qodef-m  qodef-section-title  \">\n\t<div class=\"qodef-m-heading\">\n\t\t\t\t\t<h2 class=\"qodef-m-title\" >\n\t\t\t\t\tCursos\t\t\t<\/h2>\n\t<\/div>\n\t\t<p class=\"qodef-m-text\" style=\"margin-top: 17px\">No \u015aruti Sa\u1e45gha, disponibilizo  cursos e aulas regulares de preces tradicionais indianas, recita\u00e7\u00e3o v\u00e9dica e canto devocional.<\/p>\n\t<\/div>\t\t\t\t<\/div>\n\t\t\t\t<\/div>\n\t\t\t\t\t<\/div>\n\t\t<\/div>\n\t\t\t\t\t<\/div>\n\t\t<\/section>\n\t\t\t\t<section class=\"elementor-section elementor-top-section elementor-element elementor-element-142de74 elementor-section-boxed elementor-section-height-default elementor-section-height-default qodef-elementor-content-no\" data-id=\"142de74\" data-element_type=\"section\" data-e-type=\"section\">\n\t\t\t\t\t\t<div class=\"elementor-container elementor-column-gap-default\">\n\t\t\t\t\t<div class=\"elementor-column elementor-col-100 elementor-top-column elementor-element elementor-element-93c6221\" data-id=\"93c6221\" data-element_type=\"column\" data-e-type=\"column\">\n\t\t\t<div class=\"elementor-widget-wrap elementor-element-populated\">\n\t\t\t\t\t\t<div class=\"elementor-element elementor-element-9269fa0 elementor-widget elementor-widget-spacer\" data-id=\"9269fa0\" data-element_type=\"widget\" data-e-type=\"widget\" data-widget_type=\"spacer.default\">\n\t\t\t\t<div class=\"elementor-widget-container\">\n\t\t\t\t\t\t\t<div class=\"elementor-spacer\">\n\t\t\t<div class=\"elementor-spacer-inner\"><\/div>\n\t\t<\/div>\n\t\t\t\t\t\t<\/div>\n\t\t\t\t<\/div>\n\t\t\t\t\t<\/div>\n\t\t<\/div>\n\t\t\t\t\t<\/div>\n\t\t<\/section>\n\t\t\t\t<section class=\"elementor-section elementor-top-section elementor-element elementor-element-e5c3d52 elementor-section-boxed elementor-section-height-default elementor-section-height-default qodef-elementor-content-no\" data-id=\"e5c3d52\" data-element_type=\"section\" data-e-type=\"section\">\n\t\t\t\t\t\t<div class=\"elementor-container elementor-column-gap-default\">\n\t\t\t\t\t<div class=\"elementor-column elementor-col-100 elementor-top-column elementor-element elementor-element-9aa0197\" data-id=\"9aa0197\" data-element_type=\"column\" data-e-type=\"column\">\n\t\t\t<div class=\"elementor-widget-wrap\">\n\t\t\t\t\t\t\t<\/div>\n\t\t<\/div>\n\t\t\t\t\t<\/div>\n\t\t<\/section>\n\t\t\t\t<\/div>\n\t\t","protected":false},"excerpt":{"rendered":"<p>Cursos No \u015aruti Sa\u1e45gha, disponibilizo cursos e aulas regulares de preces tradicionais indianas, recita\u00e7\u00e3o v\u00e9dica e canto devocional.<\/p>\n","protected":false},"author":1,"featured_media":0,"parent":0,"menu_order":0,"comment_status":"closed","ping_status":"closed","template":"page-full-width.php","meta":{"footnotes":""},"class_list":["post-4344","page","type-page","status-publish","hentry"],"yoast_head":"<!-- This site is optimized with the Yoast SEO plugin v27.5 - https:\/\/yoast.com\/product\/yoast-seo-wordpress\/ -->\n<title>Aulas - Shruti Sangha<\/title>\n<meta name=\"description\" content=\"Aulas de yoga, preces tradicionais indianas e canto v\u00e9dico\" \/>\n<meta name=\"robots\" content=\"index, follow, max-snippet:-1, max-image-preview:large, max-video-preview:-1\" \/>\n<link rel=\"canonical\" href=\"https:\/\/shrutisangha.com\/pt-pt\/aulas\/\" \/>\n<meta property=\"og:locale\" content=\"pt_PT\" \/>\n<meta property=\"og:type\" content=\"article\" \/>\n<meta property=\"og:title\" content=\"Aulas - Shruti Sangha\" \/>\n<meta property=\"og:description\" content=\"Aulas de yoga, preces tradicionais indianas e canto v\u00e9dico\" \/>\n<meta property=\"og:url\" content=\"https:\/\/shrutisangha.com\/pt-pt\/aulas\/\" \/>\n<meta property=\"og:site_name\" content=\"Shruti Sangha\" \/>\n<meta property=\"article:modified_time\" content=\"2026-04-20T15:23:24+00:00\" \/>\n<meta name=\"twitter:card\" content=\"summary_large_image\" \/>\n<meta name=\"twitter:label1\" content=\"Tempo estimado de leitura\" \/>\n\t<meta name=\"twitter:data1\" content=\"1 minuto\" \/>\n<script type=\"application\/ld+json\" class=\"yoast-schema-graph\">{\"@context\":\"https:\\\/\\\/schema.org\",\"@graph\":[{\"@type\":\"WebPage\",\"@id\":\"https:\\\/\\\/shrutisangha.com\\\/pt-pt\\\/aulas\\\/\",\"url\":\"https:\\\/\\\/shrutisangha.com\\\/pt-pt\\\/aulas\\\/\",\"name\":\"Aulas - Shruti Sangha\",\"isPartOf\":{\"@id\":\"https:\\\/\\\/shrutisangha.com\\\/#website\"},\"datePublished\":\"2020-10-02T14:21:35+00:00\",\"dateModified\":\"2026-04-20T15:23:24+00:00\",\"description\":\"Aulas de yoga, preces tradicionais indianas e canto v\u00e9dico\",\"breadcrumb\":{\"@id\":\"https:\\\/\\\/shrutisangha.com\\\/pt-pt\\\/aulas\\\/#breadcrumb\"},\"inLanguage\":\"pt-PT\",\"potentialAction\":[{\"@type\":\"ReadAction\",\"target\":[\"https:\\\/\\\/shrutisangha.com\\\/pt-pt\\\/aulas\\\/\"]}]},{\"@type\":\"BreadcrumbList\",\"@id\":\"https:\\\/\\\/shrutisangha.com\\\/pt-pt\\\/aulas\\\/#breadcrumb\",\"itemListElement\":[{\"@type\":\"ListItem\",\"position\":1,\"name\":\"In\u00edcio\",\"item\":\"https:\\\/\\\/shrutisangha.com\\\/pt-pt\\\/\"},{\"@type\":\"ListItem\",\"position\":2,\"name\":\"Aulas\"}]},{\"@type\":\"WebSite\",\"@id\":\"https:\\\/\\\/shrutisangha.com\\\/#website\",\"url\":\"https:\\\/\\\/shrutisangha.com\\\/\",\"name\":\"Shruti Sangha\",\"description\":\"Shruti Sangha - Aulas de Canto V\u00e9dico e Canto Devocional e Yoga\",\"publisher\":{\"@id\":\"https:\\\/\\\/shrutisangha.com\\\/#organization\"},\"potentialAction\":[{\"@type\":\"SearchAction\",\"target\":{\"@type\":\"EntryPoint\",\"urlTemplate\":\"https:\\\/\\\/shrutisangha.com\\\/?s={search_term_string}\"},\"query-input\":{\"@type\":\"PropertyValueSpecification\",\"valueRequired\":true,\"valueName\":\"search_term_string\"}}],\"inLanguage\":\"pt-PT\"},{\"@type\":\"Organization\",\"@id\":\"https:\\\/\\\/shrutisangha.com\\\/#organization\",\"name\":\"Shruti Sangha\",\"url\":\"https:\\\/\\\/shrutisangha.com\\\/\",\"logo\":{\"@type\":\"ImageObject\",\"inLanguage\":\"pt-PT\",\"@id\":\"https:\\\/\\\/shrutisangha.com\\\/#\\\/schema\\\/logo\\\/image\\\/\",\"url\":\"https:\\\/\\\/shrutisangha.com\\\/wp-content\\\/uploads\\\/2025\\\/06\\\/cropped-ShrutiSangha-Logo.png\",\"contentUrl\":\"https:\\\/\\\/shrutisangha.com\\\/wp-content\\\/uploads\\\/2025\\\/06\\\/cropped-ShrutiSangha-Logo.png\",\"width\":377,\"height\":377,\"caption\":\"Shruti Sangha\"},\"image\":{\"@id\":\"https:\\\/\\\/shrutisangha.com\\\/#\\\/schema\\\/logo\\\/image\\\/\"}}]}<\/script>\n<!-- \/ Yoast SEO plugin. -->","yoast_head_json":{"title":"Aulas - Shruti Sangha","description":"Aulas de yoga, preces tradicionais indianas e canto v\u00e9dico","robots":{"index":"index","follow":"follow","max-snippet":"max-snippet:-1","max-image-preview":"max-image-preview:large","max-video-preview":"max-video-preview:-1"},"canonical":"https:\/\/shrutisangha.com\/pt-pt\/aulas\/","og_locale":"pt_PT","og_type":"article","og_title":"Aulas - Shruti Sangha","og_description":"Aulas de yoga, preces tradicionais indianas e canto v\u00e9dico","og_url":"https:\/\/shrutisangha.com\/pt-pt\/aulas\/","og_site_name":"Shruti Sangha","article_modified_time":"2026-04-20T15:23:24+00:00","twitter_card":"summary_large_image","twitter_misc":{"Tempo estimado de leitura":"1 minuto"},"schema":{"@context":"https:\/\/schema.org","@graph":[{"@type":"WebPage","@id":"https:\/\/shrutisangha.com\/pt-pt\/aulas\/","url":"https:\/\/shrutisangha.com\/pt-pt\/aulas\/","name":"Aulas - Shruti Sangha","isPartOf":{"@id":"https:\/\/shrutisangha.com\/#website"},"datePublished":"2020-10-02T14:21:35+00:00","dateModified":"2026-04-20T15:23:24+00:00","description":"Aulas de yoga, preces tradicionais indianas e canto v\u00e9dico","breadcrumb":{"@id":"https:\/\/shrutisangha.com\/pt-pt\/aulas\/#breadcrumb"},"inLanguage":"pt-PT","potentialAction":[{"@type":"ReadAction","target":["https:\/\/shrutisangha.com\/pt-pt\/aulas\/"]}]},{"@type":"BreadcrumbList","@id":"https:\/\/shrutisangha.com\/pt-pt\/aulas\/#breadcrumb","itemListElement":[{"@type":"ListItem","position":1,"name":"In\u00edcio","item":"https:\/\/shrutisangha.com\/pt-pt\/"},{"@type":"ListItem","position":2,"name":"Aulas"}]},{"@type":"WebSite","@id":"https:\/\/shrutisangha.com\/#website","url":"https:\/\/shrutisangha.com\/","name":"Shruti Sangha","description":"Shruti Sangha - Aulas de Canto V\u00e9dico e Canto Devocional e Yoga","publisher":{"@id":"https:\/\/shrutisangha.com\/#organization"},"potentialAction":[{"@type":"SearchAction","target":{"@type":"EntryPoint","urlTemplate":"https:\/\/shrutisangha.com\/?s={search_term_string}"},"query-input":{"@type":"PropertyValueSpecification","valueRequired":true,"valueName":"search_term_string"}}],"inLanguage":"pt-PT"},{"@type":"Organization","@id":"https:\/\/shrutisangha.com\/#organization","name":"Shruti Sangha","url":"https:\/\/shrutisangha.com\/","logo":{"@type":"ImageObject","inLanguage":"pt-PT","@id":"https:\/\/shrutisangha.com\/#\/schema\/logo\/image\/","url":"https:\/\/shrutisangha.com\/wp-content\/uploads\/2025\/06\/cropped-ShrutiSangha-Logo.png","contentUrl":"https:\/\/shrutisangha.com\/wp-content\/uploads\/2025\/06\/cropped-ShrutiSangha-Logo.png","width":377,"height":377,"caption":"Shruti Sangha"},"image":{"@id":"https:\/\/shrutisangha.com\/#\/schema\/logo\/image\/"}}]}},"_links":{"self":[{"href":"https:\/\/shrutisangha.com\/pt-pt\/wp-json\/wp\/v2\/pages\/4344","targetHints":{"allow":["GET"]}}],"collection":[{"href":"https:\/\/shrutisangha.com\/pt-pt\/wp-json\/wp\/v2\/pages"}],"about":[{"href":"https:\/\/shrutisangha.com\/pt-pt\/wp-json\/wp\/v2\/types\/page"}],"author":[{"embeddable":true,"href":"https:\/\/shrutisangha.com\/pt-pt\/wp-json\/wp\/v2\/users\/1"}],"replies":[{"embeddable":true,"href":"https:\/\/shrutisangha.com\/pt-pt\/wp-json\/wp\/v2\/comments?post=4344"}],"version-history":[{"count":48,"href":"https:\/\/shrutisangha.com\/pt-pt\/wp-json\/wp\/v2\/pages\/4344\/revisions"}],"predecessor-version":[{"id":20043,"href":"https:\/\/shrutisangha.com\/pt-pt\/wp-json\/wp\/v2\/pages\/4344\/revisions\/20043"}],"wp:attachment":[{"href":"https:\/\/shrutisangha.com\/pt-pt\/wp-json\/wp\/v2\/media?parent=4344"}],"curies":[{"name":"wp","href":"https:\/\/api.w.org\/{rel}","templated":true}]}}