{"id":5853,"date":"2020-10-12T10:47:13","date_gmt":"2020-10-12T10:47:13","guid":{"rendered":"https:\/\/reina.qodeinteractive.com\/?page_id=5853"},"modified":"2026-04-21T09:09:46","modified_gmt":"2026-04-21T09:09:46","slug":"sobre-shruti-sangha","status":"publish","type":"page","link":"https:\/\/shrutisangha.com\/pt-pt\/sobre-shruti-sangha\/","title":{"rendered":"Sobre"},"content":{"rendered":"\t\t<div data-elementor-type=\"wp-page\" data-elementor-id=\"5853\" class=\"elementor elementor-5853\">\n\t\t\t\t\t\t<section class=\"elementor-section elementor-top-section elementor-element elementor-element-7093f4d qodef-elementor-content-grid elementor-section-boxed elementor-section-height-default elementor-section-height-default\" data-id=\"7093f4d\" data-element_type=\"section\" data-e-type=\"section\">\n\t\t\t\t\t\t<div class=\"elementor-container elementor-column-gap-default\">\n\t\t\t\t\t<div class=\"elementor-column elementor-col-100 elementor-top-column elementor-element elementor-element-c710fcc\" data-id=\"c710fcc\" data-element_type=\"column\" data-e-type=\"column\">\n\t\t\t<div class=\"elementor-widget-wrap elementor-element-populated\">\n\t\t\t\t\t\t<div class=\"elementor-element elementor-element-ed5a3eb elementor-widget elementor-widget-reina_core_section_title\" data-id=\"ed5a3eb\" data-element_type=\"widget\" data-e-type=\"widget\" data-widget_type=\"reina_core_section_title.default\">\n\t\t\t\t<div class=\"elementor-widget-container\">\n\t\t\t\t\t<div class=\"qodef-shortcode qodef-m  qodef-section-title  \">\n\t<div class=\"qodef-m-heading\">\n\t\t\t\t\t<h1 class=\"qodef-m-title\" >\n\t\t\t\t\t\u015aruti Sa\u1e45gha\t\t\t<\/h1>\n\t<\/div>\n\t\t<p class=\"qodef-m-text\" style=\"margin-top: 17px\">Um templo de som que se reflete num espa\u00e7o de contempla\u00e7\u00e3o e de estudo de preces tradicionais indianas, canto v\u00e9dico e canto devocional. Neste momento, o espa\u00e7o \u00e9 digital, no entanto, durante o ano partilho alguns workshops, cursos e aulas em colabora\u00e7\u00e3o com espa\u00e7os comunit\u00e1rios e de Yoga.\n<\/p>\n\t<\/div>\t\t\t\t<\/div>\n\t\t\t\t<\/div>\n\t\t\t\t<div class=\"elementor-element elementor-element-6ba58cf elementor-widget elementor-widget-spacer\" data-id=\"6ba58cf\" data-element_type=\"widget\" data-e-type=\"widget\" data-widget_type=\"spacer.default\">\n\t\t\t\t<div class=\"elementor-widget-container\">\n\t\t\t\t\t\t\t<div class=\"elementor-spacer\">\n\t\t\t<div class=\"elementor-spacer-inner\"><\/div>\n\t\t<\/div>\n\t\t\t\t\t\t<\/div>\n\t\t\t\t<\/div>\n\t\t\t\t\t<\/div>\n\t\t<\/div>\n\t\t\t\t\t<\/div>\n\t\t<\/section>\n\t\t\t\t<section class=\"elementor-section elementor-top-section elementor-element elementor-element-00eb8df qodef-elementor-content-grid qodef-extended-grid qodef-extended-grid--left qodef-extended-grid-reset--1024 qodef-custom-side-padding  elementor-section-boxed elementor-section-height-default elementor-section-height-default\" data-id=\"00eb8df\" data-element_type=\"section\" data-e-type=\"section\">\n\t\t\t\t\t\t<div class=\"elementor-container elementor-column-gap-default\">\n\t\t\t\t\t<div class=\"elementor-column elementor-col-100 elementor-top-column elementor-element elementor-element-3523b4c\" data-id=\"3523b4c\" data-element_type=\"column\" data-e-type=\"column\">\n\t\t\t<div class=\"elementor-widget-wrap elementor-element-populated\">\n\t\t\t\t\t\t<div class=\"elementor-element elementor-element-5e63c6d elementor-widget elementor-widget-reina_core_image_section_info\" data-id=\"5e63c6d\" data-element_type=\"widget\" data-e-type=\"widget\" data-widget_type=\"reina_core_image_section_info.default\">\n\t\t\t\t<div class=\"elementor-widget-container\">\n\t\t\t\t\t<div class=\"qodef-shortcode qodef-m  qodef-image-section-info qodef-layout--with-svg  qodef--has-appear qodef--draw-svg\">\n\t<div class=\"qodef-m-inner clear\" >\n\t\t\n<div class=\"qodef-m-image\" >\n\t<img fetchpriority=\"high\" decoding=\"async\" width=\"1000\" height=\"1500\" src=\"https:\/\/shrutisangha.com\/wp-content\/uploads\/2025\/11\/ines-ritto-vani-vadini-shruti-sangha-canto-1.jpg\" class=\"attachment-full size-full\" alt=\"ines ritto vani vadini shruti sangha canto\" srcset=\"https:\/\/shrutisangha.com\/wp-content\/uploads\/2025\/11\/ines-ritto-vani-vadini-shruti-sangha-canto-1.jpg 1000w, https:\/\/shrutisangha.com\/wp-content\/uploads\/2025\/11\/ines-ritto-vani-vadini-shruti-sangha-canto-1-200x300.jpg 200w, https:\/\/shrutisangha.com\/wp-content\/uploads\/2025\/11\/ines-ritto-vani-vadini-shruti-sangha-canto-1-683x1024.jpg 683w, https:\/\/shrutisangha.com\/wp-content\/uploads\/2025\/11\/ines-ritto-vani-vadini-shruti-sangha-canto-1-768x1152.jpg 768w\" sizes=\"(max-width: 1000px) 100vw, 1000px\" \/><\/div>\n\t\t<div class=\"qodef-m-content\">\n\t\t\t\t\t\t<div class=\"qodef-m-heading\">\n\t\t\t\t\t<span class=\"qodef-m-subtitle qodef-h7\" style=\"color: #B0B8BB\">V\u0101\u1e47\u012b V\u0101din\u012b ~ In\u00eas Ritto<\/span>\n\t\t\t\t\t<h2 class=\"qodef-m-title\" style=\"color: #415962\">Sobre mim<\/h2>\n\t\t\t<\/div>\n\t\t\t\t<div class=\"qodef-m-text\" style=\"margin-top: 13px;color: #818181\">Curiosa por natureza, inspirada pela arte e pela criatividade, encontrei no Yoga e no Canto V\u00e9dico um espa\u00e7o interno de contempla\u00e7\u00e3o e de devo\u00e7\u00e3o. \n\nIniciei o percurso dentro do Yoga em 2005.\n\nEm 2007, come\u00e7o a ter aulas com C\u00e1tia Manuel e em 2008 com Miguel Homem, professor com quem iniciei igualmente o estudo de Ved\u0101nta.\n\nEm 2010 terminei o primeiro m\u00f3dulo de forma\u00e7\u00e3o com o Pedro Kupfer, sendo que come\u00e7o a dar aulas de Yoga regularmente a partir de 2011 na Eslov\u00e9nia, onde residi durante aproximadamente 4 anos.\n\nAp\u00f3s o regresso a Portugal, desta vez, rumo ao Algarve onde vivo atualmente, continuei o estudo de Ved\u0101nta e a ter aulas de preces tradicionais indianas e, mais tarde, de canto v\u00e9dico com o professor Paulo Abreu Vieira, concluindo igualmente o m\u00f3dulo II de forma\u00e7\u00e3o de instrutores de Yoga com o Pedro Kupfer em 2019.\n\nDou aulas de Yoga e de preces tradicionais indianas regularmente de modo presencial e online e colaboro com o Centro Arshavidya com aulas online a alunos do Centro e tamb\u00e9m em retiros.\n\nContinuo o estudo regular de s\u00e2nscrito e de Ved\u0101nta com o Professor Paulo Vieira que  tem sido uma inspira\u00e7\u00e3o cont\u00ednua no desenvolvimento deste percurso.\n\nAprendo e estudo, desde h\u00e1 dois anos para c\u00e1, dhrup\u0101da com o Professor Ricardo Passos.\n\nEm complemento com o dhrup\u0101da, em 2025 comecei a aprofundar a pr\u00e1tica de N\u0101da Yoga e de Canto Carn\u00e1tico.\n\nTodo este percurso tem sido um regresso a casa e acredito que todas estas pr\u00e1ticas e disciplinas convirjam nessa arte e forma de viver que nos liga ao Todo que j\u00e1 somos.\n\nSinta-se em casa e at\u00e9 breve!<\/div>\n\n\n\t\t\t\t<div class=\"qodef-m-button\">\n\t\t<a class=\"qodef-shortcode qodef-m  qodef-button qodef-layout--filled qodef-size--large qodef-html--link\" href=\"https:\/\/shrutisangha.com\/pt-pt\/canto-sagrado\/\" target=\"_self\" data-hover-color=\"#FFFFFF\" style=\"color: #FFFFFF;background-color: #B0D8E8\">\t<span class=\"qodef-m-text\">aulas<\/span>\t<span class=\"qodef-m-background\" style=\"color: #405861\"><\/span><\/a>\t<\/div>\n\t\t\t\t\t<\/div>\n\t<\/div>\n<\/div>\n\t\t\t\t<\/div>\n\t\t\t\t<\/div>\n\t\t\t\t<div class=\"elementor-element elementor-element-ef93a60 elementor-widget elementor-widget-spacer\" data-id=\"ef93a60\" data-element_type=\"widget\" data-e-type=\"widget\" data-widget_type=\"spacer.default\">\n\t\t\t\t<div class=\"elementor-widget-container\">\n\t\t\t\t\t\t\t<div class=\"elementor-spacer\">\n\t\t\t<div class=\"elementor-spacer-inner\"><\/div>\n\t\t<\/div>\n\t\t\t\t\t\t<\/div>\n\t\t\t\t<\/div>\n\t\t\t\t<div class=\"elementor-element elementor-element-94d3ec5 elementor-widget elementor-widget-spacer\" data-id=\"94d3ec5\" data-element_type=\"widget\" data-e-type=\"widget\" data-widget_type=\"spacer.default\">\n\t\t\t\t<div class=\"elementor-widget-container\">\n\t\t\t\t\t\t\t<div class=\"elementor-spacer\">\n\t\t\t<div class=\"elementor-spacer-inner\"><\/div>\n\t\t<\/div>\n\t\t\t\t\t\t<\/div>\n\t\t\t\t<\/div>\n\t\t\t\t<div class=\"elementor-element elementor-element-fab0c06 elementor-widget elementor-widget-reina_core_section_title\" data-id=\"fab0c06\" data-element_type=\"widget\" data-e-type=\"widget\" data-widget_type=\"reina_core_section_title.default\">\n\t\t\t\t<div class=\"elementor-widget-container\">\n\t\t\t\t\t<div class=\"qodef-shortcode qodef-m  qodef-section-title  qodef-alignment--center\">\n\t<div class=\"qodef-m-heading\">\n\t\t\t\t\t<h1 class=\"qodef-m-title\" >\n\t\t\t\t\tProfessores com quem aprendo\t\t\t<\/h1>\n\t<\/div>\n\t\t<p class=\"qodef-m-text\" style=\"margin-top: 17px\">Acredito que, para podermos partihar adiante e continuarmos a aprofundar o estudo e a assimila\u00e7\u00e3o de conhecimento, que a cont\u00ednua aprendizagem com outros Professores \u00e9 importante.<\/p>\n\t<\/div>\t\t\t\t<\/div>\n\t\t\t\t<\/div>\n\t\t\t\t<div class=\"elementor-element elementor-element-683eb55 elementor-widget elementor-widget-spacer\" data-id=\"683eb55\" data-element_type=\"widget\" data-e-type=\"widget\" data-widget_type=\"spacer.default\">\n\t\t\t\t<div class=\"elementor-widget-container\">\n\t\t\t\t\t\t\t<div class=\"elementor-spacer\">\n\t\t\t<div class=\"elementor-spacer-inner\"><\/div>\n\t\t<\/div>\n\t\t\t\t\t\t<\/div>\n\t\t\t\t<\/div>\n\t\t\t\t<div class=\"elementor-element elementor-element-abb6633 elementor-widget elementor-widget-reina_core_image_section_info\" data-id=\"abb6633\" data-element_type=\"widget\" data-e-type=\"widget\" data-widget_type=\"reina_core_image_section_info.default\">\n\t\t\t\t<div class=\"elementor-widget-container\">\n\t\t\t\t\t<div class=\"qodef-shortcode qodef-m  qodef-image-section-info qodef-layout--standard  qodef--has-appear \">\n\t<div class=\"qodef-m-inner clear\">\n\t\t\n<div class=\"qodef-m-image\" >\n\t<img decoding=\"async\" width=\"1024\" height=\"769\" src=\"https:\/\/shrutisangha.com\/wp-content\/uploads\/2024\/10\/paulo-abreu-vieira.jpg\" class=\"attachment-full size-full\" alt=\"paulo abreu vieira\" srcset=\"https:\/\/shrutisangha.com\/wp-content\/uploads\/2024\/10\/paulo-abreu-vieira.jpg 1024w, https:\/\/shrutisangha.com\/wp-content\/uploads\/2024\/10\/paulo-abreu-vieira-300x225.jpg 300w, https:\/\/shrutisangha.com\/wp-content\/uploads\/2024\/10\/paulo-abreu-vieira-768x577.jpg 768w, https:\/\/shrutisangha.com\/wp-content\/uploads\/2024\/10\/paulo-abreu-vieira-600x451.jpg 600w\" sizes=\"(max-width: 1024px) 100vw, 1024px\" \/><\/div>\n\t\t<div class=\"qodef-m-content\">\n\t\t\t\t\t\t<div class=\"qodef-m-heading\">\n\t\t\t\t\t<span class=\"qodef-m-subtitle qodef-h7\" style=\"color: #B0B8BB\">VEDANTA E S\u00e2nscrito<\/span>\n\t\t\t\t\t<h2 class=\"qodef-m-title\" style=\"color: #415962\">Professor Paulo Abreu Vieira<\/h2>\n\t\t\t<\/div>\n\t\t\t\t<div class=\"qodef-m-text\" style=\"margin-top: 13px;color: #818181\">A dedica\u00e7\u00e3o que tem pelo Yoga e pelo Ved\u0101nta iniciou-se em 2004, sendo que, durante esse percurso, dedicou tr\u00eas anos e meio ao estudo intensivo de Ved\u0101nta, S\u00e2nscrito, Canto V\u00e9dico e pr\u00e1ticas espirituais na resid\u00eancia de seu mestre, Sv\u0101m\u012b Day\u0101n\u0101nda Sarasvat\u012b, no \u0100\u1e5b\u1e63a Vidy\u0101 Gurukulam, localizado nas montanhas perto de Anaikatti, \u00cdndia que  incluiu o estudo de Upani\u1e63ads, Bhagavadg\u012bt\u0101, Brahma-s\u016btra e Canto V\u00e9dico. Este per\u00edodo de imers\u00e3o intensa solidificou o seu compromisso com a tradi\u00e7\u00e3o v\u00e9dica que mant\u00e9m at\u00e9 hoje atrav\u00e9s da funda\u00e7\u00e3o do Centro \u0100\u1e5b\u1e63avidy\u0101 e do ensino de Ved\u0101nta, S\u00e2nscrito, Stotrams e Canto V\u00e9dico.<\/div>\n\n\n\t\t\t\t<div class=\"qodef-m-button\">\n\t\t<a class=\"qodef-shortcode qodef-m  qodef-button qodef-layout--filled qodef-size--large qodef-html--link\" href=\"https:\/\/vedanta.pt\/\" target=\"_blank\" data-hover-color=\"#FFFFFF\" style=\"color: #FFFFFF;background-color: #B0D8E8\">\t<span class=\"qodef-m-text\">saber mais<\/span>\t<span class=\"qodef-m-background\" style=\"color: #405861\"><\/span><\/a>\t<\/div>\n\t\t<\/div>\n\t<\/div>\n<\/div>\n\t\t\t\t<\/div>\n\t\t\t\t<\/div>\n\t\t\t\t\t<\/div>\n\t\t<\/div>\n\t\t\t\t\t<\/div>\n\t\t<\/section>\n\t\t\t\t<\/div>\n\t\t","protected":false},"excerpt":{"rendered":"<p>\u015aruti Sa\u1e45gha Um templo de som que se reflete num espa\u00e7o de contempla\u00e7\u00e3o e de estudo de preces tradicionais indianas, canto v\u00e9dico e canto devocional. Neste momento, o espa\u00e7o \u00e9 digital, no entanto, durante o ano partilho alguns workshops, cursos e aulas em colabora\u00e7\u00e3o com espa\u00e7os comunit\u00e1rios e de Yoga. V\u0101\u1e47\u012b V\u0101din\u012b ~ In\u00eas Ritto [&hellip;]<\/p>\n","protected":false},"author":1,"featured_media":0,"parent":0,"menu_order":0,"comment_status":"closed","ping_status":"closed","template":"","meta":{"footnotes":""},"class_list":["post-5853","page","type-page","status-publish","hentry"],"yoast_head":"<!-- This site is optimized with the Yoast SEO plugin v27.5 - https:\/\/yoast.com\/product\/yoast-seo-wordpress\/ -->\n<title>Sobre - Shruti Sangha<\/title>\n<meta name=\"description\" content=\"\u015aruti Sa\u1e45gha \u00e9 um santu\u00e1rio de presen\u00e7a, som e sil\u00eancio em torno da devo\u00e7\u00e3o e contempla\u00e7\u00e3o - aulas de tradi\u00e7\u00e3o v\u00e9dica, retiros e eventos.\" \/>\n<meta name=\"robots\" content=\"index, follow, max-snippet:-1, max-image-preview:large, max-video-preview:-1\" \/>\n<link rel=\"canonical\" href=\"https:\/\/shrutisangha.com\/pt-pt\/sobre-shruti-sangha\/\" \/>\n<meta property=\"og:locale\" content=\"pt_PT\" \/>\n<meta property=\"og:type\" content=\"article\" \/>\n<meta property=\"og:title\" content=\"Sobre - Shruti Sangha\" \/>\n<meta property=\"og:description\" content=\"\u015aruti Sa\u1e45gha \u00e9 um santu\u00e1rio de presen\u00e7a, som e sil\u00eancio em torno da devo\u00e7\u00e3o e contempla\u00e7\u00e3o - aulas de tradi\u00e7\u00e3o v\u00e9dica, retiros e eventos.\" \/>\n<meta property=\"og:url\" content=\"https:\/\/shrutisangha.com\/pt-pt\/sobre-shruti-sangha\/\" \/>\n<meta property=\"og:site_name\" content=\"Shruti Sangha\" \/>\n<meta property=\"article:modified_time\" content=\"2026-04-21T09:09:46+00:00\" \/>\n<meta property=\"og:image\" content=\"https:\/\/shrutisangha.com\/wp-content\/uploads\/2025\/11\/ines-ritto-vani-vadini-shruti-sangha-canto-1.jpg\" \/>\n<meta name=\"twitter:card\" content=\"summary_large_image\" \/>\n<meta name=\"twitter:label1\" content=\"Tempo estimado de leitura\" \/>\n\t<meta name=\"twitter:data1\" content=\"3 minutos\" \/>\n<script type=\"application\/ld+json\" class=\"yoast-schema-graph\">{\"@context\":\"https:\\\/\\\/schema.org\",\"@graph\":[{\"@type\":\"WebPage\",\"@id\":\"https:\\\/\\\/shrutisangha.com\\\/pt-pt\\\/sobre-shruti-sangha\\\/\",\"url\":\"https:\\\/\\\/shrutisangha.com\\\/pt-pt\\\/sobre-shruti-sangha\\\/\",\"name\":\"Sobre - Shruti Sangha\",\"isPartOf\":{\"@id\":\"https:\\\/\\\/shrutisangha.com\\\/#website\"},\"primaryImageOfPage\":{\"@id\":\"https:\\\/\\\/shrutisangha.com\\\/pt-pt\\\/sobre-shruti-sangha\\\/#primaryimage\"},\"image\":{\"@id\":\"https:\\\/\\\/shrutisangha.com\\\/pt-pt\\\/sobre-shruti-sangha\\\/#primaryimage\"},\"thumbnailUrl\":\"https:\\\/\\\/shrutisangha.com\\\/wp-content\\\/uploads\\\/2025\\\/11\\\/ines-ritto-vani-vadini-shruti-sangha-canto-1.jpg\",\"datePublished\":\"2020-10-12T10:47:13+00:00\",\"dateModified\":\"2026-04-21T09:09:46+00:00\",\"description\":\"\u015aruti Sa\u1e45gha \u00e9 um santu\u00e1rio de presen\u00e7a, som e sil\u00eancio em torno da devo\u00e7\u00e3o e contempla\u00e7\u00e3o - aulas de tradi\u00e7\u00e3o v\u00e9dica, retiros e eventos.\",\"breadcrumb\":{\"@id\":\"https:\\\/\\\/shrutisangha.com\\\/pt-pt\\\/sobre-shruti-sangha\\\/#breadcrumb\"},\"inLanguage\":\"pt-PT\",\"potentialAction\":[{\"@type\":\"ReadAction\",\"target\":[\"https:\\\/\\\/shrutisangha.com\\\/pt-pt\\\/sobre-shruti-sangha\\\/\"]}]},{\"@type\":\"ImageObject\",\"inLanguage\":\"pt-PT\",\"@id\":\"https:\\\/\\\/shrutisangha.com\\\/pt-pt\\\/sobre-shruti-sangha\\\/#primaryimage\",\"url\":\"https:\\\/\\\/shrutisangha.com\\\/wp-content\\\/uploads\\\/2025\\\/11\\\/ines-ritto-vani-vadini-shruti-sangha-canto-1.jpg\",\"contentUrl\":\"https:\\\/\\\/shrutisangha.com\\\/wp-content\\\/uploads\\\/2025\\\/11\\\/ines-ritto-vani-vadini-shruti-sangha-canto-1.jpg\"},{\"@type\":\"BreadcrumbList\",\"@id\":\"https:\\\/\\\/shrutisangha.com\\\/pt-pt\\\/sobre-shruti-sangha\\\/#breadcrumb\",\"itemListElement\":[{\"@type\":\"ListItem\",\"position\":1,\"name\":\"In\u00edcio\",\"item\":\"https:\\\/\\\/shrutisangha.com\\\/pt-pt\\\/\"},{\"@type\":\"ListItem\",\"position\":2,\"name\":\"Sobre\"}]},{\"@type\":\"WebSite\",\"@id\":\"https:\\\/\\\/shrutisangha.com\\\/#website\",\"url\":\"https:\\\/\\\/shrutisangha.com\\\/\",\"name\":\"Shruti Sangha\",\"description\":\"Shruti Sangha - Aulas de Canto V\u00e9dico e Canto Devocional e Yoga\",\"publisher\":{\"@id\":\"https:\\\/\\\/shrutisangha.com\\\/#organization\"},\"potentialAction\":[{\"@type\":\"SearchAction\",\"target\":{\"@type\":\"EntryPoint\",\"urlTemplate\":\"https:\\\/\\\/shrutisangha.com\\\/?s={search_term_string}\"},\"query-input\":{\"@type\":\"PropertyValueSpecification\",\"valueRequired\":true,\"valueName\":\"search_term_string\"}}],\"inLanguage\":\"pt-PT\"},{\"@type\":\"Organization\",\"@id\":\"https:\\\/\\\/shrutisangha.com\\\/#organization\",\"name\":\"Shruti Sangha\",\"url\":\"https:\\\/\\\/shrutisangha.com\\\/\",\"logo\":{\"@type\":\"ImageObject\",\"inLanguage\":\"pt-PT\",\"@id\":\"https:\\\/\\\/shrutisangha.com\\\/#\\\/schema\\\/logo\\\/image\\\/\",\"url\":\"https:\\\/\\\/shrutisangha.com\\\/wp-content\\\/uploads\\\/2025\\\/06\\\/cropped-ShrutiSangha-Logo.png\",\"contentUrl\":\"https:\\\/\\\/shrutisangha.com\\\/wp-content\\\/uploads\\\/2025\\\/06\\\/cropped-ShrutiSangha-Logo.png\",\"width\":377,\"height\":377,\"caption\":\"Shruti Sangha\"},\"image\":{\"@id\":\"https:\\\/\\\/shrutisangha.com\\\/#\\\/schema\\\/logo\\\/image\\\/\"}}]}<\/script>\n<!-- \/ Yoast SEO plugin. -->","yoast_head_json":{"title":"Sobre - Shruti Sangha","description":"\u015aruti Sa\u1e45gha \u00e9 um santu\u00e1rio de presen\u00e7a, som e sil\u00eancio em torno da devo\u00e7\u00e3o e contempla\u00e7\u00e3o - aulas de tradi\u00e7\u00e3o v\u00e9dica, retiros e eventos.","robots":{"index":"index","follow":"follow","max-snippet":"max-snippet:-1","max-image-preview":"max-image-preview:large","max-video-preview":"max-video-preview:-1"},"canonical":"https:\/\/shrutisangha.com\/pt-pt\/sobre-shruti-sangha\/","og_locale":"pt_PT","og_type":"article","og_title":"Sobre - Shruti Sangha","og_description":"\u015aruti Sa\u1e45gha \u00e9 um santu\u00e1rio de presen\u00e7a, som e sil\u00eancio em torno da devo\u00e7\u00e3o e contempla\u00e7\u00e3o - aulas de tradi\u00e7\u00e3o v\u00e9dica, retiros e eventos.","og_url":"https:\/\/shrutisangha.com\/pt-pt\/sobre-shruti-sangha\/","og_site_name":"Shruti Sangha","article_modified_time":"2026-04-21T09:09:46+00:00","og_image":[{"url":"https:\/\/shrutisangha.com\/wp-content\/uploads\/2025\/11\/ines-ritto-vani-vadini-shruti-sangha-canto-1.jpg","type":"","width":"","height":""}],"twitter_card":"summary_large_image","twitter_misc":{"Tempo estimado de leitura":"3 minutos"},"schema":{"@context":"https:\/\/schema.org","@graph":[{"@type":"WebPage","@id":"https:\/\/shrutisangha.com\/pt-pt\/sobre-shruti-sangha\/","url":"https:\/\/shrutisangha.com\/pt-pt\/sobre-shruti-sangha\/","name":"Sobre - Shruti Sangha","isPartOf":{"@id":"https:\/\/shrutisangha.com\/#website"},"primaryImageOfPage":{"@id":"https:\/\/shrutisangha.com\/pt-pt\/sobre-shruti-sangha\/#primaryimage"},"image":{"@id":"https:\/\/shrutisangha.com\/pt-pt\/sobre-shruti-sangha\/#primaryimage"},"thumbnailUrl":"https:\/\/shrutisangha.com\/wp-content\/uploads\/2025\/11\/ines-ritto-vani-vadini-shruti-sangha-canto-1.jpg","datePublished":"2020-10-12T10:47:13+00:00","dateModified":"2026-04-21T09:09:46+00:00","description":"\u015aruti Sa\u1e45gha \u00e9 um santu\u00e1rio de presen\u00e7a, som e sil\u00eancio em torno da devo\u00e7\u00e3o e contempla\u00e7\u00e3o - aulas de tradi\u00e7\u00e3o v\u00e9dica, retiros e eventos.","breadcrumb":{"@id":"https:\/\/shrutisangha.com\/pt-pt\/sobre-shruti-sangha\/#breadcrumb"},"inLanguage":"pt-PT","potentialAction":[{"@type":"ReadAction","target":["https:\/\/shrutisangha.com\/pt-pt\/sobre-shruti-sangha\/"]}]},{"@type":"ImageObject","inLanguage":"pt-PT","@id":"https:\/\/shrutisangha.com\/pt-pt\/sobre-shruti-sangha\/#primaryimage","url":"https:\/\/shrutisangha.com\/wp-content\/uploads\/2025\/11\/ines-ritto-vani-vadini-shruti-sangha-canto-1.jpg","contentUrl":"https:\/\/shrutisangha.com\/wp-content\/uploads\/2025\/11\/ines-ritto-vani-vadini-shruti-sangha-canto-1.jpg"},{"@type":"BreadcrumbList","@id":"https:\/\/shrutisangha.com\/pt-pt\/sobre-shruti-sangha\/#breadcrumb","itemListElement":[{"@type":"ListItem","position":1,"name":"In\u00edcio","item":"https:\/\/shrutisangha.com\/pt-pt\/"},{"@type":"ListItem","position":2,"name":"Sobre"}]},{"@type":"WebSite","@id":"https:\/\/shrutisangha.com\/#website","url":"https:\/\/shrutisangha.com\/","name":"Shruti Sangha","description":"Shruti Sangha - Aulas de Canto V\u00e9dico e Canto Devocional e Yoga","publisher":{"@id":"https:\/\/shrutisangha.com\/#organization"},"potentialAction":[{"@type":"SearchAction","target":{"@type":"EntryPoint","urlTemplate":"https:\/\/shrutisangha.com\/?s={search_term_string}"},"query-input":{"@type":"PropertyValueSpecification","valueRequired":true,"valueName":"search_term_string"}}],"inLanguage":"pt-PT"},{"@type":"Organization","@id":"https:\/\/shrutisangha.com\/#organization","name":"Shruti Sangha","url":"https:\/\/shrutisangha.com\/","logo":{"@type":"ImageObject","inLanguage":"pt-PT","@id":"https:\/\/shrutisangha.com\/#\/schema\/logo\/image\/","url":"https:\/\/shrutisangha.com\/wp-content\/uploads\/2025\/06\/cropped-ShrutiSangha-Logo.png","contentUrl":"https:\/\/shrutisangha.com\/wp-content\/uploads\/2025\/06\/cropped-ShrutiSangha-Logo.png","width":377,"height":377,"caption":"Shruti Sangha"},"image":{"@id":"https:\/\/shrutisangha.com\/#\/schema\/logo\/image\/"}}]}},"_links":{"self":[{"href":"https:\/\/shrutisangha.com\/pt-pt\/wp-json\/wp\/v2\/pages\/5853","targetHints":{"allow":["GET"]}}],"collection":[{"href":"https:\/\/shrutisangha.com\/pt-pt\/wp-json\/wp\/v2\/pages"}],"about":[{"href":"https:\/\/shrutisangha.com\/pt-pt\/wp-json\/wp\/v2\/types\/page"}],"author":[{"embeddable":true,"href":"https:\/\/shrutisangha.com\/pt-pt\/wp-json\/wp\/v2\/users\/1"}],"replies":[{"embeddable":true,"href":"https:\/\/shrutisangha.com\/pt-pt\/wp-json\/wp\/v2\/comments?post=5853"}],"version-history":[{"count":74,"href":"https:\/\/shrutisangha.com\/pt-pt\/wp-json\/wp\/v2\/pages\/5853\/revisions"}],"predecessor-version":[{"id":20052,"href":"https:\/\/shrutisangha.com\/pt-pt\/wp-json\/wp\/v2\/pages\/5853\/revisions\/20052"}],"wp:attachment":[{"href":"https:\/\/shrutisangha.com\/pt-pt\/wp-json\/wp\/v2\/media?parent=5853"}],"curies":[{"name":"wp","href":"https:\/\/api.w.org\/{rel}","templated":true}]}}